{"id":2929,"date":"2025-11-29T11:59:01","date_gmt":"2025-11-29T11:59:01","guid":{"rendered":"https:\/\/arijtravel.it\/?post_type=product&#038;p=2929"},"modified":"2025-12-04T14:05:54","modified_gmt":"2025-12-04T14:05:54","slug":"affordable-hajj-packages-hajj-tours","status":"publish","type":"product","link":"https:\/\/arijtravel.it\/it\/prodotto\/affordable-hajj-packages-hajj-tours\/","title":{"rendered":"Pacchetti Hajj Convenienti \u2013 Tour Hajj"},"content":{"rendered":"<p data-start=\"41\" data-end=\"71\"><strong data-start=\"41\" data-end=\"69\">Date di congedo consigliate:<\/strong><\/p>\n<p data-start=\"73\" data-end=\"161\" data-is-last-node=\"\" data-is-only-node=\"\" class=\"translation-block\">Dal 20 maggio al 10 giugno 2026<br data-start=\"103\" data-end=\"106\">(soggetto ad aggiustamenti in base al calendario lunare)<\/p>\n<p data-start=\"41\" data-end=\"277\"><strong data-start=\"41\" data-end=\"58\">Cos'\u00e8 l'Hajj?<\/strong><br data-start=\"58\" data-end=\"61\" \/>Durante questo straordinario viaggio nelle citt\u00e0 sante della Mecca e Medina, avrai l'opportunit\u00e0 di visitare i siti pi\u00f9 importanti della storia islamica e di immergerti in una profonda esperienza spirituale.<\/p>\n<p data-start=\"279\" data-end=\"539\" class=\"translation-block\"><strong data-start=\"282\" data-end=\"330\">La Mecca: sulle orme del sacro<\/strong><br data-start=\"330\" data-end=\"333\">L'Hajj \u00e8 il pellegrinaggio islamico alla Mecca, in Arabia Saudita.<br data-start=\"387\" data-end=\"390\">\u00c8 uno dei <em data-start=\"407\" data-end=\"430\">cinque pilastri dell'Islam<\/em> ed \u00e8 <em data-start=\"438\" data-end=\"478\">obbligatorio almeno una volta nella vita<\/em> per ogni musulmano che ne abbia i mezzi fisici e finanziari.<\/p>\n<p data-start=\"541\" data-end=\"675\" class=\"translation-block\"><strong data-start=\"543\" data-end=\"572\">Come si svolge l'Hajj?<\/strong><br data-start=\"572\" data-end=\"575\">L'Hajj si svolge in date specifiche: <em data-start=\"606\" data-end=\"632\">dall'8 al 13 Dhul-Hijjah<\/em>, il 12\u00b0 mese del calendario islamico.<\/p>\n<p data-start=\"677\" data-end=\"700\">I rituali principali sono:<\/p>\n<ol data-start=\"701\" data-end=\"1625\">\n<li data-start=\"701\" data-end=\"864\">\n<p data-start=\"704\" data-end=\"864\" class=\"translation-block\"><strong data-start=\"704\" data-end=\"713\">I\u1e25r\u0101m<\/strong> \u2013 L'intenzione di compiere l'Hajj, indossando semplici abiti bianchi (per gli uomini) e abiti modesti (per le donne), osservando alcune restrizioni.<\/p>\n<\/li>\n<li data-start=\"865\" data-end=\"923\">\n<p data-start=\"868\" data-end=\"923\" class=\"translation-block\"><strong data-start=\"868\" data-end=\"877\">Tawaf<\/strong> \u2013 Sette circumambulazioni attorno alla Kaaba.<\/p>\n<\/li>\n<li data-start=\"924\" data-end=\"984\">\n<p data-start=\"927\" data-end=\"984\" class=\"translation-block\"><strong data-start=\"927\" data-end=\"935\">Sa\u2019i<\/strong> \u2013 Passeggiata tra le colline di Safa e Marwa.<\/p>\n<\/li>\n<li data-start=\"985\" data-end=\"1034\">\n<p data-start=\"988\" data-end=\"1034\" class=\"translation-block\"><strong data-start=\"988\" data-end=\"996\">Mina<\/strong> \u2013 Soggiorno a Mina l'8 Dhul-Hijjah.<\/p>\n<\/li>\n<li data-start=\"1035\" data-end=\"1136\">\n<p data-start=\"1038\" data-end=\"1136\" class=\"translation-block\"><strong data-start=\"1038\" data-end=\"1048\">Arafat<\/strong> \u2013 Il giorno pi\u00f9 importante (9 Dhul-Hijjah), dedicato alla preghiera nella piana di Arafat.<\/p>\n<\/li>\n<li data-start=\"1137\" data-end=\"1211\">\n<p data-start=\"1140\" data-end=\"1211\" class=\"translation-block\"><strong data-start=\"1140\" data-end=\"1154\">Muzdalifah<\/strong> \u2013 Pernottamento sotto le stelle e raccolta di ciottoli.<\/p>\n<\/li>\n<li data-start=\"1212\" data-end=\"1277\">\n<p data-start=\"1215\" data-end=\"1277\" class=\"translation-block\"><strong data-start=\"1215\" data-end=\"1234\">Rami al-Jamarat<\/strong> \u2013 Lapidazione dei pilastri simbolici di Satana.<\/p>\n<\/li>\n<li data-start=\"1278\" data-end=\"1369\">\n<p data-start=\"1281\" data-end=\"1369\" class=\"translation-block\"><strong data-start=\"1281\" data-end=\"1308\">Sacrificio animale (Hady)<\/strong> \u2013 In memoria del sacrificio del profeta Ibrahim (Abramo).<\/p>\n<\/li>\n<li data-start=\"1370\" data-end=\"1441\">\n<p data-start=\"1373\" data-end=\"1441\" class=\"translation-block\"><strong data-start=\"1373\" data-end=\"1392\">Tawaf al-Ifadah<\/strong> \u2013 Il giro finale attorno alla Kaaba.<\/p>\n<\/li>\n<li data-start=\"1442\" data-end=\"1512\">\n<p data-start=\"1446\" data-end=\"1512\" class=\"translation-block\"><strong data-start=\"1446\" data-end=\"1454\">Sa\u2019i<\/strong> \u2013 Camminando tra Safa e Marwa dopo Tawaf al-Ifadah.<\/p>\n<\/li>\n<li data-start=\"1513\" data-end=\"1625\">\n<p data-start=\"1517\" data-end=\"1625\" class=\"translation-block\"><strong data-start=\"1517\" data-end=\"1535\">Tawaf al-Wada\u2019<\/strong> \u2013 Giro di addio attorno alla Kaaba prima di lasciare la Mecca (obbligatorio per l\u2019Hajj).<\/p>\n<\/li>\n<\/ol>\n<p data-start=\"1627\" data-end=\"1797\" class=\"translation-block\"><strong data-start=\"1629\" data-end=\"1660\">Durata del pellegrinaggio:<\/strong><br data-start=\"1660\" data-end=\"1663\">L'Hajj principale dura <em data-start=\"1683\" data-end=\"1696\">da 5 a 6 giorni<\/em>, ma i pacchetti di viaggio in genere si estendono per <strong data-start=\"1740\" data-end=\"1757\">da 13 a 20 giorni<\/strong> per ragioni logistiche e spirituali.<\/p>","protected":false},"excerpt":{"rendered":"<p data-start=\"41\" data-end=\"83\"><strong data-start=\"41\" data-end=\"81\">Pacchetto Hajj 2026: cosa \u00e8 incluso:<\/strong><\/p>\n<ul>\n<li data-start=\"86\" data-end=\"151\" class=\"translation-block\">Voli di andata e ritorno da <em data-start=\"112\" data-end=\"127\">Milano o Roma<\/em>, con bagaglio registrato<\/li>\n<li data-start=\"154\" data-end=\"170\"><em data-start=\"157\" data-end=\"168\">Visto per l'Hajj<\/em><\/li>\n<li data-start=\"173\" data-end=\"260\" class=\"translation-block\"><em data-start=\"176\" data-end=\"193\">Hotel 3\u2605 o 4\u2605<\/em> a Mecca e Medina (a meno di 10 minuti a piedi dall'Haram)<\/li>\n<li data-start=\"263\" data-end=\"368\" class=\"translation-block\"><em data-start=\"266\" data-end=\"291\">Trasporto completo<\/em> all'interno dell'Arabia Saudita (trasferimenti aeroportuali, Ziyarat, Mina, Arafat, Muzdalifah)<\/li>\n<li data-start=\"371\" data-end=\"393\"><em data-start=\"374\" data-end=\"391\">Guida religiosa<\/em><\/li>\n<li data-start=\"396\" data-end=\"439\">Visite alla Mecca e a Medina<\/li>\n<li data-start=\"442\" data-end=\"497\" class=\"translation-block\"><em data-start=\"445\" data-end=\"465\">Tutti i pasti inclusi<\/em>: colazione, pranzo e cena<\/li>\n<li data-start=\"500\" data-end=\"547\" class=\"translation-block\"><em data-start=\"503\" data-end=\"526\">Tende climatizzate<\/em> a Mina e Arafat<\/li>\n<li data-start=\"550\" data-end=\"581\"><em data-start=\"553\" data-end=\"579\">5 litri di acqua Zamzam<\/em><\/li>\n<li data-start=\"584\" data-end=\"626\" class=\"translation-block\"><em data-start=\"587\" data-end=\"604\">Assistenza 24 ore su 24, 7 giorni su 7<\/em> durante tutto il viaggio<\/li>\n<\/ul>\n<p data-start=\"628\" data-end=\"649\"><strong data-start=\"630\" data-end=\"647\">Non incluso:<\/strong><\/p>\n<ul>\n<li data-start=\"652\" data-end=\"700\">Sacrificio animale (Hady) \u2013 disponibile su richiesta<\/li>\n<li data-start=\"652\" data-end=\"700\">Spese personali<\/li>\n<\/ul>\n<h3 data-start=\"655\" data-end=\"734\"><strong data-start=\"658\" data-end=\"673\"><br \/>\nArij Travel<\/strong><\/h3>\n<p class=\"translation-block\"><strong data-start=\"37\" data-end=\"55\">Peso del bagaglio<\/strong><br data-start=\"55\" data-end=\"58\">34 kg<\/p>\n<p data-start=\"655\" data-end=\"734\" class=\"translation-block\">Via Niccol\u00f2 Machiavelli, 5<br data-start=\"702\" data-end=\"705\">10036 Settimo Torinese (TO)<\/p>\n<p data-start=\"736\" data-end=\"817\"><img decoding=\"async\" class=\"emoji\" role=\"img\" draggable=\"false\" src=\"https:\/\/s.w.org\/images\/core\/emoji\/16.0.1\/svg\/1f4de.svg\" alt=\"\ud83d\udcde\" \/>\u00a0<strong data-start=\"739\" data-end=\"759\">+39 328 476 1109<\/strong><br data-start=\"759\" data-end=\"762\" \/><img decoding=\"async\" class=\"emoji\" role=\"img\" draggable=\"false\" src=\"https:\/\/s.w.org\/images\/core\/emoji\/16.0.1\/svg\/1f4de.svg\" alt=\"\ud83d\udcde\" \/>\u00a0<strong data-start=\"765\" data-end=\"785\">+39 328 822 3727<\/strong><br data-start=\"785\" data-end=\"788\" \/><img decoding=\"async\" class=\"emoji\" role=\"img\" draggable=\"false\" src=\"https:\/\/s.w.org\/images\/core\/emoji\/16.0.1\/svg\/1f4e7.svg\" alt=\"\ud83d\udce7\" \/>\u00a0<strong data-start=\"791\" data-end=\"817\"><a class=\"decorated-link cursor-pointer\" rel=\"noopener\" data-start=\"793\" data-end=\"815\">Arijtravel11@gmail.com<\/a><\/strong><\/p>","protected":false},"featured_media":2928,"comment_status":"open","ping_status":"closed","template":"","meta":{"inline_featured_image":false},"product_brand":[],"product_cat":[102],"product_tag":[129],"class_list":{"0":"post-2929","1":"product","2":"type-product","3":"status-publish","4":"has-post-thumbnail","6":"product_cat-hajj","7":"product_tag-hajj-2026","9":"first","10":"instock","11":"shipping-taxable","12":"purchasable","13":"product-type-variable"},"_links":{"self":[{"href":"https:\/\/arijtravel.it\/it\/wp-json\/wp\/v2\/product\/2929","targetHints":{"allow":["GET"]}}],"collection":[{"href":"https:\/\/arijtravel.it\/it\/wp-json\/wp\/v2\/product"}],"about":[{"href":"https:\/\/arijtravel.it\/it\/wp-json\/wp\/v2\/types\/product"}],"replies":[{"embeddable":true,"href":"https:\/\/arijtravel.it\/it\/wp-json\/wp\/v2\/comments?post=2929"}],"wp:featuredmedia":[{"embeddable":true,"href":"https:\/\/arijtravel.it\/it\/wp-json\/wp\/v2\/media\/2928"}],"wp:attachment":[{"href":"https:\/\/arijtravel.it\/it\/wp-json\/wp\/v2\/media?parent=2929"}],"wp:term":[{"taxonomy":"product_brand","embeddable":true,"href":"https:\/\/arijtravel.it\/it\/wp-json\/wp\/v2\/product_brand?post=2929"},{"taxonomy":"product_cat","embeddable":true,"href":"https:\/\/arijtravel.it\/it\/wp-json\/wp\/v2\/product_cat?post=2929"},{"taxonomy":"product_tag","embeddable":true,"href":"https:\/\/arijtravel.it\/it\/wp-json\/wp\/v2\/product_tag?post=2929"}],"curies":[{"name":"wp","href":"https:\/\/api.w.org\/{rel}","templated":true}]}}