{"id":2929,"date":"2025-11-29T11:59:01","date_gmt":"2025-11-29T11:59:01","guid":{"rendered":"https:\/\/arijtravel.it\/?post_type=product&#038;p=2929"},"modified":"2025-12-04T14:05:54","modified_gmt":"2025-12-04T14:05:54","slug":"affordable-hajj-packages-hajj-tours","status":"publish","type":"product","link":"https:\/\/arijtravel.it\/fr\/produit\/affordable-hajj-packages-hajj-tours\/","title":{"rendered":"Forfaits Hajj Abordables \u2013 Voyages Hajj"},"content":{"rendered":"<p data-start=\"41\" data-end=\"71\"><strong data-start=\"41\" data-end=\"69\">Dates de cong\u00e9 recommand\u00e9es\u00a0:<\/strong><\/p>\n<p data-start=\"73\" data-end=\"161\" data-is-last-node=\"\" data-is-only-node=\"\" class=\"translation-block\">Du 20 mai au 10 juin 2026<br data-start=\"103\" data-end=\"106\">(sous r\u00e9serve d'ajustements selon le calendrier lunaire)<\/p>\n<p data-start=\"41\" data-end=\"277\"><strong data-start=\"41\" data-end=\"58\">Qu'est-ce que le Hajj ?<\/strong><br data-start=\"58\" data-end=\"61\" \/>Au cours de ce voyage extraordinaire vers les villes saintes de La Mecque et de M\u00e9dine, vous aurez l'occasion de visiter les sites les plus importants de l'histoire islamique et de vous immerger dans une exp\u00e9rience spirituelle profonde.<\/p>\n<p data-start=\"279\" data-end=\"539\" class=\"translation-block\"><strong data-start=\"282\" data-end=\"330\">La Mecque\u00a0: Sur les traces du sacr\u00e9<\/strong><br data-start=\"330\" data-end=\"333\">Le Hajj est le p\u00e8lerinage islamique \u00e0 La Mecque, en Arabie saoudite.<br data-start=\"387\" data-end=\"390\">C'est l'un des <em data-start=\"407\" data-end=\"430\">Cinq piliers de l'Islam<\/em> et il est <em data-start=\"438\" data-end=\"478\">obligatoire au moins une fois dans sa vie<\/em> pour tout musulman qui en a les moyens physiques et financiers.<\/p>\n<p data-start=\"541\" data-end=\"675\" class=\"translation-block\"><strong data-start=\"543\" data-end=\"572\">Comment se d\u00e9roule le Hajj\u00a0?<\/strong><br data-start=\"572\" data-end=\"575\">Le Hajj a lieu \u00e0 des dates pr\u00e9cises\u00a0: <em data-start=\"606\" data-end=\"632\">du 8 au 13 Dhul-Hijjah<\/em>, le 12e mois du calendrier islamique.<\/p>\n<p data-start=\"677\" data-end=\"700\">Les principaux rituels sont\u00a0:<\/p>\n<ol data-start=\"701\" data-end=\"1625\">\n<li data-start=\"701\" data-end=\"864\">\n<p data-start=\"704\" data-end=\"864\" class=\"translation-block\"><strong data-start=\"704\" data-end=\"713\">I\u1e25r\u0101m<\/strong> \u2013 L'intention d'accomplir le Hajj, en portant des v\u00eatements blancs simples (pour les hommes) et des v\u00eatements modestes (pour les femmes), ainsi qu'en observant certaines restrictions.<\/p>\n<\/li>\n<li data-start=\"865\" data-end=\"923\">\n<p data-start=\"868\" data-end=\"923\" class=\"translation-block\"><strong data-start=\"868\" data-end=\"877\">Tawaf<\/strong> \u2013 Sept circumambulations autour de la Kaaba.<\/p>\n<\/li>\n<li data-start=\"924\" data-end=\"984\">\n<p data-start=\"927\" data-end=\"984\" class=\"translation-block\"><strong data-start=\"927\" data-end=\"935\">Sa\u2019i<\/strong> \u2013 Marcher entre les collines de Safa et Marwa.<\/p>\n<\/li>\n<li data-start=\"985\" data-end=\"1034\">\n<p data-start=\"988\" data-end=\"1034\" class=\"translation-block\"><strong data-start=\"988\" data-end=\"996\">Mina<\/strong> \u2013 S\u00e9jour \u00e0 Mina le 8 Dhul-Hijjah.<\/p>\n<\/li>\n<li data-start=\"1035\" data-end=\"1136\">\n<p data-start=\"1038\" data-end=\"1136\" class=\"translation-block\"><strong data-start=\"1038\" data-end=\"1048\">Arafat<\/strong> \u2013 Le jour le plus important (9 Dhul-Hijjah), consacr\u00e9 \u00e0 la pri\u00e8re dans la plaine d'Arafat.<\/p>\n<\/li>\n<li data-start=\"1137\" data-end=\"1211\">\n<p data-start=\"1140\" data-end=\"1211\" class=\"translation-block\"><strong data-start=\"1140\" data-end=\"1154\">Muzdalifah<\/strong> \u2013 Nuit \u00e0 la belle \u00e9toile et collecte de cailloux.<\/p>\n<\/li>\n<li data-start=\"1212\" data-end=\"1277\">\n<p data-start=\"1215\" data-end=\"1277\" class=\"translation-block\"><strong data-start=\"1215\" data-end=\"1234\">Rami al-Jamarat<\/strong> \u2013 Lapidation des piliers symboliques de Satan.<\/p>\n<\/li>\n<li data-start=\"1278\" data-end=\"1369\">\n<p data-start=\"1281\" data-end=\"1369\" class=\"translation-block\"><strong data-start=\"1281\" data-end=\"1308\">Sacrifice d'animaux (Hady)<\/strong> \u2013 En m\u00e9moire du sacrifice du proph\u00e8te Ibrahim (Abraham).<\/p>\n<\/li>\n<li data-start=\"1370\" data-end=\"1441\">\n<p data-start=\"1373\" data-end=\"1441\" class=\"translation-block\"><strong data-start=\"1373\" data-end=\"1392\">Tawaf al-Ifadah<\/strong> \u2013 La circumambulation finale autour de la Kaaba.<\/p>\n<\/li>\n<li data-start=\"1442\" data-end=\"1512\">\n<p data-start=\"1446\" data-end=\"1512\" class=\"translation-block\"><strong data-start=\"1446\" data-end=\"1454\">Sa'i<\/strong> \u2013 Marcher entre Safa et Marwa apr\u00e8s Tawaf al-Ifadah.<\/p>\n<\/li>\n<li data-start=\"1513\" data-end=\"1625\">\n<p data-start=\"1517\" data-end=\"1625\" class=\"translation-block\"><strong data-start=\"1517\" data-end=\"1535\">Tawaf al-Wada\u2019<\/strong> \u2013 Circonambulation d\u2019adieu de la Kaaba avant de quitter La Mecque (obligatoire pour le Hajj).<\/p>\n<\/li>\n<\/ol>\n<p data-start=\"1627\" data-end=\"1797\" class=\"translation-block\"><strong data-start=\"1629\" data-end=\"1660\">Dur\u00e9e du p\u00e8lerinage\u00a0:<\/strong><br data-start=\"1660\" data-end=\"1663\">Le Hajj principal dure <em data-start=\"1683\" data-end=\"1696\">5 \u00e0 6 jours<\/em>, mais les forfaits de voyage s\u2019\u00e9tendent g\u00e9n\u00e9ralement sur <strong data-start=\"1740\" data-end=\"1757\">13 \u00e0 20 jours<\/strong> pour des raisons logistiques et spirituelles.<\/p>","protected":false},"excerpt":{"rendered":"<p data-start=\"41\" data-end=\"83\"><strong data-start=\"41\" data-end=\"81\">Forfait Hajj 2026 \u2013 Ce qui est inclus\u00a0:<\/strong><\/p>\n<ul>\n<li data-start=\"86\" data-end=\"151\" class=\"translation-block\">Vols aller-retour au d\u00e9part de <em data-start=\"112\" data-end=\"127\">Milan ou Rome<\/em>, avec bagages enregistr\u00e9s<\/li>\n<li data-start=\"154\" data-end=\"170\"><em data-start=\"157\" data-end=\"168\">Visa pour le Hajj<\/em><\/li>\n<li data-start=\"173\" data-end=\"260\" class=\"translation-block\">H\u00f4tels 3 ou 4 \u00e9toiles \u00e0 La Mecque et \u00e0 M\u00e9dine (\u00e0 moins de 10 minutes \u00e0 pied du Haram)<\/li>\n<li data-start=\"263\" data-end=\"368\" class=\"translation-block\"><em data-start=\"266\" data-end=\"291\">Transport complet<\/em> en Arabie saoudite (transferts a\u00e9roport, Ziyarat, Mina, Arafat, Muzdalifah)<\/li>\n<li data-start=\"371\" data-end=\"393\"><em data-start=\"374\" data-end=\"391\">guide religieux<\/em><\/li>\n<li data-start=\"396\" data-end=\"439\">Visites \u00e0 La Mecque et \u00e0 M\u00e9dine<\/li>\n<li data-start=\"442\" data-end=\"497\" class=\"translation-block\"><em data-start=\"445\" data-end=\"465\">Tous les repas sont inclus<\/em>\u00a0: petit-d\u00e9jeuner, d\u00e9jeuner et d\u00eener<\/li>\n<li data-start=\"500\" data-end=\"547\" class=\"translation-block\"><em data-start=\"503\" data-end=\"526\">Tentes climatis\u00e9es<\/em> \u00e0 Mina et Arafat<\/li>\n<li data-start=\"550\" data-end=\"581\"><em data-start=\"553\" data-end=\"579\">5 litres d'eau de Zamzam<\/em><\/li>\n<li data-start=\"584\" data-end=\"626\" class=\"translation-block\"><em data-start=\"587\" data-end=\"604\">Assistance 24h\/24 et 7j\/7<\/em> tout au long du voyage<\/li>\n<\/ul>\n<p data-start=\"628\" data-end=\"649\"><strong data-start=\"630\" data-end=\"647\">Non inclus :<\/strong><\/p>\n<ul>\n<li data-start=\"652\" data-end=\"700\">Sacrifice animal (Hady) \u2013 disponible sur demande<\/li>\n<li data-start=\"652\" data-end=\"700\">D\u00e9penses personnelles<\/li>\n<\/ul>\n<h3 data-start=\"655\" data-end=\"734\"><strong data-start=\"658\" data-end=\"673\"><br \/>\nArij Travel<\/strong><\/h3>\n<p class=\"translation-block\"><strong data-start=\"37\" data-end=\"55\">Poids des bagages<\/strong><br data-start=\"55\" data-end=\"58\">34 kg<\/p>\n<p data-start=\"655\" data-end=\"734\" class=\"translation-block\">Via Niccol\u00f2 Machiavelli, 5<br data-start=\"702\" data-end=\"705\">10036 Settimo Torinese (TO)<\/p>\n<p data-start=\"736\" data-end=\"817\"><img decoding=\"async\" class=\"emoji\" role=\"img\" draggable=\"false\" src=\"https:\/\/s.w.org\/images\/core\/emoji\/16.0.1\/svg\/1f4de.svg\" alt=\"\ud83d\udcde\" \/>\u00a0<strong data-start=\"739\" data-end=\"759\">+39 328 476 1109<\/strong><br data-start=\"759\" data-end=\"762\" \/><img decoding=\"async\" class=\"emoji\" role=\"img\" draggable=\"false\" src=\"https:\/\/s.w.org\/images\/core\/emoji\/16.0.1\/svg\/1f4de.svg\" alt=\"\ud83d\udcde\" \/>\u00a0<strong data-start=\"765\" data-end=\"785\">+39 328 822 3727<\/strong><br data-start=\"785\" data-end=\"788\" \/><img decoding=\"async\" class=\"emoji\" role=\"img\" draggable=\"false\" src=\"https:\/\/s.w.org\/images\/core\/emoji\/16.0.1\/svg\/1f4e7.svg\" alt=\"\ud83d\udce7\" \/>\u00a0<strong data-start=\"791\" data-end=\"817\"><a class=\"decorated-link cursor-pointer\" rel=\"noopener\" data-start=\"793\" data-end=\"815\">Arijtravel11@gmail.com<\/a><\/strong><\/p>","protected":false},"featured_media":2928,"comment_status":"open","ping_status":"closed","template":"","meta":{"inline_featured_image":false},"product_brand":[],"product_cat":[102],"product_tag":[129],"class_list":{"0":"post-2929","1":"product","2":"type-product","3":"status-publish","4":"has-post-thumbnail","6":"product_cat-hajj","7":"product_tag-hajj-2026","9":"first","10":"instock","11":"shipping-taxable","12":"purchasable","13":"product-type-variable"},"_links":{"self":[{"href":"https:\/\/arijtravel.it\/fr\/wp-json\/wp\/v2\/product\/2929","targetHints":{"allow":["GET"]}}],"collection":[{"href":"https:\/\/arijtravel.it\/fr\/wp-json\/wp\/v2\/product"}],"about":[{"href":"https:\/\/arijtravel.it\/fr\/wp-json\/wp\/v2\/types\/product"}],"replies":[{"embeddable":true,"href":"https:\/\/arijtravel.it\/fr\/wp-json\/wp\/v2\/comments?post=2929"}],"wp:featuredmedia":[{"embeddable":true,"href":"https:\/\/arijtravel.it\/fr\/wp-json\/wp\/v2\/media\/2928"}],"wp:attachment":[{"href":"https:\/\/arijtravel.it\/fr\/wp-json\/wp\/v2\/media?parent=2929"}],"wp:term":[{"taxonomy":"product_brand","embeddable":true,"href":"https:\/\/arijtravel.it\/fr\/wp-json\/wp\/v2\/product_brand?post=2929"},{"taxonomy":"product_cat","embeddable":true,"href":"https:\/\/arijtravel.it\/fr\/wp-json\/wp\/v2\/product_cat?post=2929"},{"taxonomy":"product_tag","embeddable":true,"href":"https:\/\/arijtravel.it\/fr\/wp-json\/wp\/v2\/product_tag?post=2929"}],"curies":[{"name":"wp","href":"https:\/\/api.w.org\/{rel}","templated":true}]}}