{"id":1161,"date":"2024-02-15T07:15:39","date_gmt":"2024-02-15T07:15:39","guid":{"rendered":"https:\/\/triprex.egenslab.com\/?post_type=product&#038;p=1161"},"modified":"2025-12-04T13:50:42","modified_gmt":"2025-12-04T13:50:42","slug":"umrah-chaaban-2026-12-days","status":"publish","type":"product","link":"https:\/\/arijtravel.it\/fr\/produit\/umrah-chaaban-2026-12-days\/","title":{"rendered":"OMRA CHAABANE 2026 \u2013 12 JOURS"},"content":{"rendered":"<p data-start=\"41\" data-end=\"63\"><strong data-start=\"41\" data-end=\"61\">LE FORFAIT COMPREND<\/strong><\/p>\n<ul>\n<li>Visa Omra<\/li>\n<li>Vol direct avec option bagages<\/li>\n<li>H\u00f4tels 4 et 5 \u00e9toiles pr\u00e8s du Haram<\/li>\n<li>Omra avec un guide expert<\/li>\n<li>2 visites aux mausol\u00e9es (M\u00e9dine et La Mecque)<\/li>\n<li>R\u00e9servation Rawda Sharifa<\/li>\n<li>Tenue Ihram + 5L d'eau Zamzam inclus<\/li>\n<\/ul>","protected":false},"excerpt":{"rendered":"<h3 data-start=\"655\" data-end=\"734\"><strong data-start=\"658\" data-end=\"673\">Arij Travel<\/strong><\/h3>\n<p class=\"translation-block\"><strong data-start=\"78\" data-end=\"96\">Poids des bagages<\/strong><br data-start=\"96\" data-end=\"99\">8 kg \/ 18 kg \/ 28 kg<\/p>\n<p data-start=\"655\" data-end=\"734\" class=\"translation-block\">Via Niccol\u00f2 Machiavelli, 5<br data-start=\"702\" data-end=\"705\">10036 Settimo Torinese (TO)<\/p>\n<p data-start=\"736\" data-end=\"817\"><img decoding=\"async\" class=\"emoji\" role=\"img\" draggable=\"false\" src=\"https:\/\/s.w.org\/images\/core\/emoji\/16.0.1\/svg\/1f4de.svg\" alt=\"\ud83d\udcde\" \/>\u00a0<strong data-start=\"739\" data-end=\"759\">+39 328 476 1109<\/strong><br data-start=\"759\" data-end=\"762\" \/><img decoding=\"async\" class=\"emoji\" role=\"img\" draggable=\"false\" src=\"https:\/\/s.w.org\/images\/core\/emoji\/16.0.1\/svg\/1f4de.svg\" alt=\"\ud83d\udcde\" \/>\u00a0<strong data-start=\"765\" data-end=\"785\">+39 328 822 3727<\/strong><br data-start=\"785\" data-end=\"788\" \/><img decoding=\"async\" class=\"emoji\" role=\"img\" draggable=\"false\" src=\"https:\/\/s.w.org\/images\/core\/emoji\/16.0.1\/svg\/1f4e7.svg\" alt=\"\ud83d\udce7\" \/>\u00a0<strong data-start=\"791\" data-end=\"817\"><a class=\"decorated-link cursor-pointer\" rel=\"noopener\" data-start=\"793\" data-end=\"815\">Arijtravel11@gmail.com<\/a><\/strong><\/p>","protected":false},"featured_media":2903,"comment_status":"open","ping_status":"closed","template":"","meta":{"inline_featured_image":false},"product_brand":[],"product_cat":[45,66],"product_tag":[128,125],"class_list":{"0":"post-1161","1":"product","2":"type-product","3":"status-publish","4":"has-post-thumbnail","6":"product_cat-umrah","7":"product_cat-umrah-packages","8":"product_tag-chaaban","9":"product_tag-umrah","11":"first","12":"instock","13":"shipping-taxable","14":"purchasable","15":"product-type-variable"},"_links":{"self":[{"href":"https:\/\/arijtravel.it\/fr\/wp-json\/wp\/v2\/product\/1161","targetHints":{"allow":["GET"]}}],"collection":[{"href":"https:\/\/arijtravel.it\/fr\/wp-json\/wp\/v2\/product"}],"about":[{"href":"https:\/\/arijtravel.it\/fr\/wp-json\/wp\/v2\/types\/product"}],"replies":[{"embeddable":true,"href":"https:\/\/arijtravel.it\/fr\/wp-json\/wp\/v2\/comments?post=1161"}],"wp:featuredmedia":[{"embeddable":true,"href":"https:\/\/arijtravel.it\/fr\/wp-json\/wp\/v2\/media\/2903"}],"wp:attachment":[{"href":"https:\/\/arijtravel.it\/fr\/wp-json\/wp\/v2\/media?parent=1161"}],"wp:term":[{"taxonomy":"product_brand","embeddable":true,"href":"https:\/\/arijtravel.it\/fr\/wp-json\/wp\/v2\/product_brand?post=1161"},{"taxonomy":"product_cat","embeddable":true,"href":"https:\/\/arijtravel.it\/fr\/wp-json\/wp\/v2\/product_cat?post=1161"},{"taxonomy":"product_tag","embeddable":true,"href":"https:\/\/arijtravel.it\/fr\/wp-json\/wp\/v2\/product_tag?post=1161"}],"curies":[{"name":"wp","href":"https:\/\/api.w.org\/{rel}","templated":true}]}}